{"id":83,"date":"2020-04-06T12:50:41","date_gmt":"2020-04-06T17:50:41","guid":{"rendered":"http:\/\/consultainteligente.com.co\/?page_id=83"},"modified":"2020-04-23T12:22:31","modified_gmt":"2020-04-23T17:22:31","slug":"inicio","status":"publish","type":"page","link":"https:\/\/consultainteligente.com.co\/","title":{"rendered":"inicio"},"content":{"rendered":"\n<h2 class=\"has-text-align-left wp-block-heading\">Bienvenido a Consulta Inteligente S.A.S<\/h2>\n\n\n\n<p style=\"color:#706e73;font-size:18px\" class=\"has-text-color\" align=\"justify\"><em>Somos una empresa de Ingenier\u00eda prestadora de servicios de asesor\u00eda, consultor\u00eda y capacitaci\u00f3n t\u00e9cnica especializada fundada en el 2008. Nuestra intenci\u00f3n fue crear una empresa generadora de conocimiento, con talento nacional en las ramas de la Ingenier\u00eda, ya que por experiencias propias hab\u00edamos evidenciado que en Colombia se tienen personas con mucho conocimiento y gran capacidad para transmitirlo, de esta manera poder brindar soluciones efectivas a las empresas que as\u00ed lo requirieran.<br><br>Con el tiempo evidenciamos que exist\u00edan sectores que requer\u00edan de soluciones tecnol\u00f3gicas de alto impacto y desarrollamos un portafolio de servicios basado en l\u00edneas de conocimiento de la Ingenier\u00eda Mec\u00e1nica.<br><br>Buscamos que el personal de Consulta Inteligente se sienta orgulloso de trabajar en ella y que se destaquen por su profesionalismo, cumplimiento y capacidad t\u00e9cnica. Tambi\u00e9n que nuestros clientes se sientan satisfechos completamente y los proyectos realizados con nosotros tengan realmente un impacto positivo en sus empresas o desarrollos personales.<\/em><\/p>\n\n\n\n<p><\/p>\n","protected":false},"excerpt":{"rendered":"<p>Bienvenido a Consulta Inteligente S.A.S Somos una empresa de Ingenier\u00eda prestadora de servicios de asesor\u00eda, consultor\u00eda y capacitaci\u00f3n t\u00e9cnica especializada fundada en el 2008. Nuestra intenci\u00f3n fue crear una empresa &#8230;<\/p>\n","protected":false},"author":1,"featured_media":0,"parent":0,"menu_order":0,"comment_status":"closed","ping_status":"closed","template":"template-frontpage.php","meta":{"footnotes":""},"class_list":["post-83","page","type-page","status-publish","hentry"],"_links":{"self":[{"href":"https:\/\/consultainteligente.com.co\/index.php?rest_route=\/wp\/v2\/pages\/83","targetHints":{"allow":["GET"]}}],"collection":[{"href":"https:\/\/consultainteligente.com.co\/index.php?rest_route=\/wp\/v2\/pages"}],"about":[{"href":"https:\/\/consultainteligente.com.co\/index.php?rest_route=\/wp\/v2\/types\/page"}],"author":[{"embeddable":true,"href":"https:\/\/consultainteligente.com.co\/index.php?rest_route=\/wp\/v2\/users\/1"}],"replies":[{"embeddable":true,"href":"https:\/\/consultainteligente.com.co\/index.php?rest_route=%2Fwp%2Fv2%2Fcomments&post=83"}],"version-history":[{"count":19,"href":"https:\/\/consultainteligente.com.co\/index.php?rest_route=\/wp\/v2\/pages\/83\/revisions"}],"predecessor-version":[{"id":232,"href":"https:\/\/consultainteligente.com.co\/index.php?rest_route=\/wp\/v2\/pages\/83\/revisions\/232"}],"wp:attachment":[{"href":"https:\/\/consultainteligente.com.co\/index.php?rest_route=%2Fwp%2Fv2%2Fmedia&parent=83"}],"curies":[{"name":"wp","href":"https:\/\/api.w.org\/{rel}","templated":true}]}}