{"id":62,"date":"2020-04-06T12:13:41","date_gmt":"2020-04-06T17:13:41","guid":{"rendered":"http:\/\/consultainteligente.com.co\/?page_id=62"},"modified":"2020-04-17T08:48:06","modified_gmt":"2020-04-17T13:48:06","slug":"nosotros","status":"publish","type":"page","link":"https:\/\/consultainteligente.com.co\/?page_id=62","title":{"rendered":"NOSOTROS"},"content":{"rendered":"\n<div class=\"wp-block-group\"><div class=\"wp-block-group__inner-container is-layout-flow wp-block-group-is-layout-flow\">\n<p style=\"color:#706e73;font-size:18px\" class=\"has-text-color\" align=\"justify\"> Somos una empresa prestadora de servicios de ingenier\u00eda que incluye tres l\u00edneas de negocio: Proyectos, servicios de ingenier\u00eda, equipos y suministros. Dentro de \u00e9stas \u00e1reas abarcamos diferentes unidades de conocimiento espec\u00edfico, cuatro de \u00e9stas, definidas como: Dise\u00f1o mec\u00e1nico y automatizaci\u00f3n, mec\u00e1nica de materiales y an\u00e1lisis de falla, energ\u00eda (estudios para centrales hidroel\u00e9ctricas, valoraciones energ\u00e9ticas para redes de vapor y aire comprimido), mejoramiento y adecuaci\u00f3n de procesos industriales (m\u00e9todos y procesos). <\/p>\n<\/div><\/div>\n\n\n\n<p style=\"color:#706e73;font-size:18px\" class=\"has-text-color\" align=\"justify\"> Tambi\u00e9n realizamos consultor\u00eda t\u00e9cnica especializada en ingenier\u00eda por paquetes (horas), capacitaciones t\u00e9cnicas e interventor\u00edas propias de lo anteriormente descrito.<\/p>\n\n\n\n<div style=\"height:50px\" aria-hidden=\"true\" class=\"wp-block-spacer\"><\/div>\n\n\n\n<h2 class=\"has-text-align-left wp-block-heading\"><strong>PROPUESTA DE VALOR<\/strong><\/h2>\n\n\n\n<p style=\"color:#706e73;font-size:18px\" class=\"has-text-color\" align=\"justify\">Prestamos servicios de asesor\u00eda, consultor\u00eda y capacitaci\u00f3n t\u00e9cnica especializada, donde brindamos soluciones tecnol\u00f3gicas que buscan impactar positivamente los costos, la rentabilidad y la competitividad de nuestros clientes, a trav\u00e9s de la transferencia y generaci\u00f3n de conocimiento, agregando valor para todos los actores del proceso.<\/p>\n\n\n\n<p style=\"color:#706e73;font-size:18px\" class=\"has-text-color\" align=\"justify\">Nuestro principal servicio es de <em>outsourcing<\/em> o tercerizaci\u00f3n de procesos de Ingenier\u00eda \u201c<em>Knowledge Process Outsourcing (KPO)\u00bb.<\/em><\/p>\n\n\n\n<div style=\"height:50px\" aria-hidden=\"true\" class=\"wp-block-spacer\"><\/div>\n\n\n\n<h2 class=\"wp-block-heading\"><strong>MISI\u00d3N Y VISI\u00d3N<\/strong><\/h2>\n\n\n\n<p style=\"color:#706e73;font-size:18px\" class=\"has-text-color\" align=\"justify\"><em>CONSULTA INTELIGENTE SAS<\/em> es una empresa de base tecnol\u00f3gica, prestadora de servicios de asesor\u00eda, consultor\u00eda y capacitaci\u00f3n t\u00e9cnica especializada, donde brindamos soluciones tecnol\u00f3gicas que buscan impactar positivamente los costos, la rentabilidad y la competitividad de nuestros clientes, a trav\u00e9s de la transferencia y generaci\u00f3n de conocimiento, agregando valor para todos los actores del proceso.<\/p>\n\n\n\n<p style=\"color:#706e73;font-size:18px\" class=\"has-text-color\" align=\"justify\">Para el 2020 buscamos consolidarnos a nivel regional, donde nos destaquemos por nuestro conocimiento t\u00e9cnico, nuestro cumplimiento y profesionalismo.<\/p>\n\n\n\n<div style=\"height:50px\" aria-hidden=\"true\" class=\"wp-block-spacer\"><\/div>\n\n\n\n<h2 class=\"wp-block-heading\"><strong>POL\u00cdTICA DE GESTI\u00d3N INTEGRAL<\/strong><\/h2>\n\n\n\n<p style=\"color:#706e73;font-size:18px\" class=\"has-text-color\" align=\"justify\">Brindar soluciones tecnol\u00f3gicas que les permitan a nuestros clientes mejorar costos, rentabilidad y\/o competitividad. Prestando un servicio de manera \u00e1gil, flexible y segura para todos nuestros empleados, contratistas y partes interesadas, garantizando la mitigaci\u00f3n y control de impactos ambientales, la prevenci\u00f3n de la contaminaci\u00f3n, los accidentes y enfermedades profesionales. Buscando la transferencia de conocimientos y el cumplimiento de los requisitos legales y de otra \u00edndole, contando siempre con personal de alto nivel acad\u00e9mico y habilidad t\u00e9cnica, logrando el mejoramiento continuo y comprometidos con:<\/p>\n\n\n\n<p style=\"color:#706e73;font-size:18px\" class=\"has-text-color\" align=\"justify\"><img loading=\"lazy\" decoding=\"async\" width=\"20\" height=\"20\" class=\"wp-image-172\" style=\"width: 20px;\" src=\"https:\/\/consultainteligente.com.co\/wp-content\/uploads\/2020\/04\/chulo2.png\" alt=\"\" srcset=\"https:\/\/consultainteligente.com.co\/wp-content\/uploads\/2020\/04\/chulo2.png 802w, https:\/\/consultainteligente.com.co\/wp-content\/uploads\/2020\/04\/chulo2-300x300.png 300w, https:\/\/consultainteligente.com.co\/wp-content\/uploads\/2020\/04\/chulo2-150x150.png 150w, https:\/\/consultainteligente.com.co\/wp-content\/uploads\/2020\/04\/chulo2-768x766.png 768w\" sizes=\"auto, (max-width: 20px) 100vw, 20px\" \/><em> Fortalecer permanentemente la gesti\u00f3n de riesgos frente a las diferentes dimensiones de la seguridad: f\u00edsica, operacional, patrimonial, ambiental y ocupacional<\/em><\/p>\n\n\n\n<p style=\"color:#706e73;font-size:18px\" class=\"has-text-color\" align=\"justify\"><img loading=\"lazy\" decoding=\"async\" width=\"20\" height=\"20\" class=\"wp-image-172\" style=\"width: 20px;\" src=\"https:\/\/consultainteligente.com.co\/wp-content\/uploads\/2020\/04\/chulo2.png\" alt=\"\" srcset=\"https:\/\/consultainteligente.com.co\/wp-content\/uploads\/2020\/04\/chulo2.png 802w, https:\/\/consultainteligente.com.co\/wp-content\/uploads\/2020\/04\/chulo2-300x300.png 300w, https:\/\/consultainteligente.com.co\/wp-content\/uploads\/2020\/04\/chulo2-150x150.png 150w, https:\/\/consultainteligente.com.co\/wp-content\/uploads\/2020\/04\/chulo2-768x766.png 768w\" sizes=\"auto, (max-width: 20px) 100vw, 20px\" \/><em> Prevenir las lesiones y enfermedades a trav\u00e9s del control o mitigaci\u00f3n de los factores de riesgo ocupacional: F\u00edsico, qu\u00edmico, ergon\u00f3mico, mec\u00e1nico, biol\u00f3gico, p\u00fablico, el\u00e9ctrico y psico-laboral, con \u00e9nfasis en el manejo seguro de productos qu\u00edmicos, el trabajo en alturas, los espacios confinados, el riesgo p\u00fablico y ergon\u00f3mico<\/em><\/p>\n\n\n\n<p style=\"color:#706e73;font-size:18px\" class=\"has-text-color\" align=\"justify\"><img loading=\"lazy\" decoding=\"async\" width=\"20\" height=\"20\" class=\"wp-image-172\" style=\"width: 20px;\" src=\"https:\/\/consultainteligente.com.co\/wp-content\/uploads\/2020\/04\/chulo2.png\" alt=\"\" srcset=\"https:\/\/consultainteligente.com.co\/wp-content\/uploads\/2020\/04\/chulo2.png 802w, https:\/\/consultainteligente.com.co\/wp-content\/uploads\/2020\/04\/chulo2-300x300.png 300w, https:\/\/consultainteligente.com.co\/wp-content\/uploads\/2020\/04\/chulo2-150x150.png 150w, https:\/\/consultainteligente.com.co\/wp-content\/uploads\/2020\/04\/chulo2-768x766.png 768w\" sizes=\"auto, (max-width: 20px) 100vw, 20px\" \/> <em>Fortalecer la gesti\u00f3n ambiental mediante la promoci\u00f3n del uso racional de los recursos h\u00eddricos y energ\u00e9ticos, encaminado a minimizar los efectos de las emisiones atmosf\u00e9ricas, los vertimientos, consumos de agua, energ\u00eda y papel, y la generaci\u00f3n de residuos s\u00f3lidos, ordinarios y peligrosos<\/em><\/p>\n\n\n\n<p><\/p>\n\n\n\n<p><\/p>\n","protected":false},"excerpt":{"rendered":"<p>Somos una empresa prestadora de servicios de ingenier\u00eda que incluye tres l\u00edneas de negocio: Proyectos, servicios de ingenier\u00eda, equipos y suministros. Dentro de \u00e9stas \u00e1reas abarcamos diferentes unidades de conocimiento &#8230;<\/p>\n","protected":false},"author":1,"featured_media":51,"parent":0,"menu_order":0,"comment_status":"closed","ping_status":"closed","template":"template-fullwidth.php","meta":{"footnotes":""},"class_list":["post-62","page","type-page","status-publish","has-post-thumbnail","hentry"],"_links":{"self":[{"href":"https:\/\/consultainteligente.com.co\/index.php?rest_route=\/wp\/v2\/pages\/62","targetHints":{"allow":["GET"]}}],"collection":[{"href":"https:\/\/consultainteligente.com.co\/index.php?rest_route=\/wp\/v2\/pages"}],"about":[{"href":"https:\/\/consultainteligente.com.co\/index.php?rest_route=\/wp\/v2\/types\/page"}],"author":[{"embeddable":true,"href":"https:\/\/consultainteligente.com.co\/index.php?rest_route=\/wp\/v2\/users\/1"}],"replies":[{"embeddable":true,"href":"https:\/\/consultainteligente.com.co\/index.php?rest_route=%2Fwp%2Fv2%2Fcomments&post=62"}],"version-history":[{"count":20,"href":"https:\/\/consultainteligente.com.co\/index.php?rest_route=\/wp\/v2\/pages\/62\/revisions"}],"predecessor-version":[{"id":246,"href":"https:\/\/consultainteligente.com.co\/index.php?rest_route=\/wp\/v2\/pages\/62\/revisions\/246"}],"wp:featuredmedia":[{"embeddable":true,"href":"https:\/\/consultainteligente.com.co\/index.php?rest_route=\/wp\/v2\/media\/51"}],"wp:attachment":[{"href":"https:\/\/consultainteligente.com.co\/index.php?rest_route=%2Fwp%2Fv2%2Fmedia&parent=62"}],"curies":[{"name":"wp","href":"https:\/\/api.w.org\/{rel}","templated":true}]}}